{"id":8,"date":"2022-09-12T16:03:27","date_gmt":"2022-09-12T16:03:27","guid":{"rendered":"https:\/\/goodhouse.com.uy\/?page_id=8"},"modified":"2026-04-13T11:48:00","modified_gmt":"2026-04-13T14:48:00","slug":"home","status":"publish","type":"page","link":"https:\/\/goodhouse.com.uy\/","title":{"rendered":"Bienvenidos"},"content":{"rendered":"\t\t<div data-elementor-type=\"wp-page\" data-elementor-id=\"8\" class=\"elementor elementor-8\">\n\t\t\t\t\t\t<section class=\"elementor-section elementor-top-section elementor-element elementor-element-bad6df8 elementor-section-boxed elementor-section-height-default elementor-section-height-default\" data-id=\"bad6df8\" data-element_type=\"section\" id=\"gallery\" data-settings=\"{&quot;background_background&quot;:&quot;classic&quot;}\">\n\t\t\t\t\t\t<div class=\"elementor-container elementor-column-gap-default\">\n\t\t\t\t\t<div class=\"elementor-column elementor-col-100 elementor-top-column elementor-element elementor-element-f341db3\" data-id=\"f341db3\" data-element_type=\"column\">\n\t\t\t<div class=\"elementor-widget-wrap elementor-element-populated\">\n\t\t\t\t\t\t<div class=\"elementor-element elementor-element-b662f3e elementor-widget elementor-widget-image\" data-id=\"b662f3e\" data-element_type=\"widget\" data-widget_type=\"image.default\">\n\t\t\t\t<div class=\"elementor-widget-container\">\n\t\t\t\t\t\t\t\t\t\t\t\t\t\t\t<img fetchpriority=\"high\" decoding=\"async\" width=\"2560\" height=\"1429\" src=\"https:\/\/goodhouse.com.uy\/wp-content\/uploads\/2026\/04\/Casa-Martina_Editada-scaled.png\" class=\"attachment-full size-full wp-image-486\" alt=\"\" srcset=\"https:\/\/goodhouse.com.uy\/wp-content\/uploads\/2026\/04\/Casa-Martina_Editada-scaled.png 2560w, https:\/\/goodhouse.com.uy\/wp-content\/uploads\/2026\/04\/Casa-Martina_Editada-300x167.png 300w, https:\/\/goodhouse.com.uy\/wp-content\/uploads\/2026\/04\/Casa-Martina_Editada-1024x572.png 1024w, https:\/\/goodhouse.com.uy\/wp-content\/uploads\/2026\/04\/Casa-Martina_Editada-768x429.png 768w, https:\/\/goodhouse.com.uy\/wp-content\/uploads\/2026\/04\/Casa-Martina_Editada-1536x857.png 1536w, https:\/\/goodhouse.com.uy\/wp-content\/uploads\/2026\/04\/Casa-Martina_Editada-2048x1143.png 2048w, https:\/\/goodhouse.com.uy\/wp-content\/uploads\/2026\/04\/Casa-Martina_Editada-1200x670.png 1200w, https:\/\/goodhouse.com.uy\/wp-content\/uploads\/2026\/04\/Casa-Martina_Editada-1980x1105.png 1980w\" sizes=\"(max-width: 2560px) 100vw, 2560px\" \/>\t\t\t\t\t\t\t\t\t\t\t\t\t\t\t<\/div>\n\t\t\t\t<\/div>\n\t\t\t\t<div class=\"elementor-element elementor-element-4dc8f03 gallery-spacing-custom elementor-widget-mobile__width-inherit elementor-widget elementor-widget-image-gallery\" data-id=\"4dc8f03\" data-element_type=\"widget\" data-widget_type=\"image-gallery.default\">\n\t\t\t\t<div class=\"elementor-widget-container\">\n\t\t\t\t\t\t\t<div class=\"elementor-image-gallery\">\n\t\t\t<div id='gallery-1' class='gallery galleryid-8 gallery-columns-7 gallery-size-thumbnail'><figure class='gallery-item'>\n\t\t\t<div class='gallery-icon landscape'>\n\t\t\t\t<a data-elementor-open-lightbox=\"yes\" data-elementor-lightbox-slideshow=\"4dc8f03\" data-elementor-lightbox-title=\"Casa en San Rafael\" data-e-action-hash=\"#elementor-action%3Aaction%3Dlightbox%26settings%3DeyJpZCI6NDg2LCJ1cmwiOiJodHRwczpcL1wvZ29vZGhvdXNlLmNvbS51eVwvd3AtY29udGVudFwvdXBsb2Fkc1wvMjAyNlwvMDRcL0Nhc2EtTWFydGluYV9FZGl0YWRhLXNjYWxlZC5wbmciLCJzbGlkZXNob3ciOiI0ZGM4ZjAzIn0%3D\" href='https:\/\/goodhouse.com.uy\/wp-content\/uploads\/2026\/04\/Casa-Martina_Editada-scaled.png'><img decoding=\"async\" width=\"150\" height=\"150\" src=\"https:\/\/goodhouse.com.uy\/wp-content\/uploads\/2026\/04\/Casa-Martina_Editada-150x150.png\" class=\"attachment-thumbnail size-thumbnail\" alt=\"\" \/><\/a>\n\t\t\t<\/div><\/figure><figure class='gallery-item'>\n\t\t\t<div class='gallery-icon portrait'>\n\t\t\t\t<a data-elementor-open-lightbox=\"yes\" data-elementor-lightbox-slideshow=\"4dc8f03\" data-elementor-lightbox-title=\"Casa del Arbol\" data-e-action-hash=\"#elementor-action%3Aaction%3Dlightbox%26settings%3DeyJpZCI6NDg1LCJ1cmwiOiJodHRwczpcL1wvZ29vZGhvdXNlLmNvbS51eVwvd3AtY29udGVudFwvdXBsb2Fkc1wvMjAyNlwvMDRcL0Nhc2EtZGVsLUFyYm9sX0VkaXRhZGEtc2NhbGVkLnBuZyIsInNsaWRlc2hvdyI6IjRkYzhmMDMifQ%3D%3D\" href='https:\/\/goodhouse.com.uy\/wp-content\/uploads\/2026\/04\/Casa-del-Arbol_Editada-scaled.png'><img decoding=\"async\" width=\"150\" height=\"150\" src=\"https:\/\/goodhouse.com.uy\/wp-content\/uploads\/2026\/04\/Casa-del-Arbol_Editada-150x150.png\" class=\"attachment-thumbnail size-thumbnail\" alt=\"\" \/><\/a>\n\t\t\t<\/div><\/figure><figure class='gallery-item'>\n\t\t\t<div class='gallery-icon portrait'>\n\t\t\t\t<a data-elementor-open-lightbox=\"yes\" data-elementor-lightbox-slideshow=\"4dc8f03\" data-elementor-lightbox-title=\"Interior San Rafael\" data-e-action-hash=\"#elementor-action%3Aaction%3Dlightbox%26settings%3DeyJpZCI6NDg0LCJ1cmwiOiJodHRwczpcL1wvZ29vZGhvdXNlLmNvbS51eVwvd3AtY29udGVudFwvdXBsb2Fkc1wvMjAyNlwvMDRcL1ZlbnRhbmEtSW50LXNjYWxlZC5qcGciLCJzbGlkZXNob3ciOiI0ZGM4ZjAzIn0%3D\" href='https:\/\/goodhouse.com.uy\/wp-content\/uploads\/2026\/04\/Ventana-Int-scaled.jpg'><img loading=\"lazy\" decoding=\"async\" width=\"150\" height=\"150\" src=\"https:\/\/goodhouse.com.uy\/wp-content\/uploads\/2026\/04\/Ventana-Int-150x150.jpg\" class=\"attachment-thumbnail size-thumbnail\" alt=\"\" \/><\/a>\n\t\t\t<\/div><\/figure><figure class='gallery-item'>\n\t\t\t<div class='gallery-icon portrait'>\n\t\t\t\t<a data-elementor-open-lightbox=\"yes\" data-elementor-lightbox-slideshow=\"4dc8f03\" data-elementor-lightbox-title=\"En Obra 01\" data-e-action-hash=\"#elementor-action%3Aaction%3Dlightbox%26settings%3DeyJpZCI6NDgzLCJ1cmwiOiJodHRwczpcL1wvZ29vZGhvdXNlLmNvbS51eVwvd3AtY29udGVudFwvdXBsb2Fkc1wvMjAyNlwvMDRcL0VuLU9icmEtc2NhbGVkLmpwZyIsInNsaWRlc2hvdyI6IjRkYzhmMDMifQ%3D%3D\" href='https:\/\/goodhouse.com.uy\/wp-content\/uploads\/2026\/04\/En-Obra-scaled.jpg'><img loading=\"lazy\" decoding=\"async\" width=\"150\" height=\"150\" src=\"https:\/\/goodhouse.com.uy\/wp-content\/uploads\/2026\/04\/En-Obra-150x150.jpg\" class=\"attachment-thumbnail size-thumbnail\" alt=\"\" \/><\/a>\n\t\t\t<\/div><\/figure><figure class='gallery-item'>\n\t\t\t<div class='gallery-icon portrait'>\n\t\t\t\t<a data-elementor-open-lightbox=\"yes\" data-elementor-lightbox-slideshow=\"4dc8f03\" data-elementor-lightbox-title=\"En Obra  02\" data-e-action-hash=\"#elementor-action%3Aaction%3Dlightbox%26settings%3DeyJpZCI6NDgyLCJ1cmwiOiJodHRwczpcL1wvZ29vZGhvdXNlLmNvbS51eVwvd3AtY29udGVudFwvdXBsb2Fkc1wvMjAyNlwvMDRcL0VuLU9icmEtMi1zY2FsZWQuanBnIiwic2xpZGVzaG93IjoiNGRjOGYwMyJ9\" href='https:\/\/goodhouse.com.uy\/wp-content\/uploads\/2026\/04\/En-Obra-2-scaled.jpg'><img loading=\"lazy\" decoding=\"async\" width=\"150\" height=\"150\" src=\"https:\/\/goodhouse.com.uy\/wp-content\/uploads\/2026\/04\/En-Obra-2-150x150.jpg\" class=\"attachment-thumbnail size-thumbnail\" alt=\"\" \/><\/a>\n\t\t\t<\/div><\/figure><figure class='gallery-item'>\n\t\t\t<div class='gallery-icon landscape'>\n\t\t\t\t<a data-elementor-open-lightbox=\"yes\" data-elementor-lightbox-slideshow=\"4dc8f03\" data-elementor-lightbox-title=\"Oficina\" data-e-action-hash=\"#elementor-action%3Aaction%3Dlightbox%26settings%3DeyJpZCI6MzQ5LCJ1cmwiOiJodHRwczpcL1wvZ29vZGhvdXNlLmNvbS51eVwvd3AtY29udGVudFwvdXBsb2Fkc1wvMjAyM1wvMDZcL0NhcHR1cmEtZGUtcGFudGFsbGEtMjAyMy0wNi0yOC0xMjAxNTUucG5nIiwic2xpZGVzaG93IjoiNGRjOGYwMyJ9\" href='https:\/\/goodhouse.com.uy\/wp-content\/uploads\/2023\/06\/Captura-de-pantalla-2023-06-28-120155.png'><img loading=\"lazy\" decoding=\"async\" width=\"150\" height=\"150\" src=\"https:\/\/goodhouse.com.uy\/wp-content\/uploads\/2023\/06\/Captura-de-pantalla-2023-06-28-120155-150x150.png\" class=\"attachment-thumbnail size-thumbnail\" alt=\"\" \/><\/a>\n\t\t\t<\/div><\/figure><figure class='gallery-item'>\n\t\t\t<div class='gallery-icon portrait'>\n\t\t\t\t<a data-elementor-open-lightbox=\"yes\" data-elementor-lightbox-slideshow=\"4dc8f03\" data-elementor-lightbox-title=\"Showroom\" data-e-action-hash=\"#elementor-action%3Aaction%3Dlightbox%26settings%3DeyJpZCI6MzMyLCJ1cmwiOiJodHRwczpcL1wvZ29vZGhvdXNlLmNvbS51eVwvd3AtY29udGVudFwvdXBsb2Fkc1wvMjAyM1wvMDZcLzAzQThGRTQyLTdEODMtNERGNS05Q0FBLUY2RTM5QkNFMzI0NS0xLmpwZyIsInNsaWRlc2hvdyI6IjRkYzhmMDMifQ%3D%3D\" href='https:\/\/goodhouse.com.uy\/wp-content\/uploads\/2023\/06\/03A8FE42-7D83-4DF5-9CAA-F6E39BCE3245-1.jpg'><img loading=\"lazy\" decoding=\"async\" width=\"150\" height=\"150\" src=\"https:\/\/goodhouse.com.uy\/wp-content\/uploads\/2023\/06\/03A8FE42-7D83-4DF5-9CAA-F6E39BCE3245-1-150x150.jpg\" class=\"attachment-thumbnail size-thumbnail\" alt=\"\" \/><\/a>\n\t\t\t<\/div><\/figure>\n\t\t<\/div>\n\t\t<\/div>\n\t\t\t\t\t\t<\/div>\n\t\t\t\t<\/div>\n\t\t\t\t\t<\/div>\n\t\t<\/div>\n\t\t\t\t\t<\/div>\n\t\t<\/section>\n\t\t\t\t<section class=\"elementor-section elementor-top-section elementor-element elementor-element-cd632dc elementor-section-full_width elementor-section-height-default elementor-section-height-default\" data-id=\"cd632dc\" data-element_type=\"section\" id=\"project\" data-settings=\"{&quot;background_background&quot;:&quot;classic&quot;}\">\n\t\t\t\t\t\t\t<div class=\"elementor-background-overlay\"><\/div>\n\t\t\t\t\t\t\t<div class=\"elementor-container elementor-column-gap-default\">\n\t\t\t\t\t<div class=\"elementor-column elementor-col-100 elementor-top-column elementor-element elementor-element-f7fbd92\" data-id=\"f7fbd92\" data-element_type=\"column\" data-settings=\"{&quot;background_background&quot;:&quot;classic&quot;}\">\n\t\t\t<div class=\"elementor-widget-wrap elementor-element-populated\">\n\t\t\t\t\t\t<div class=\"elementor-element elementor-element-ad619d1 elementor-widget__width-inherit elementor-widget elementor-widget-heading\" data-id=\"ad619d1\" data-element_type=\"widget\" data-widget_type=\"heading.default\">\n\t\t\t\t<div class=\"elementor-widget-container\">\n\t\t\t\t\t<p class=\"elementor-heading-title elementor-size-default\">Nosotros<\/p>\t\t\t\t<\/div>\n\t\t\t\t<\/div>\n\t\t\t\t<div class=\"elementor-element elementor-element-5356d6f elementor-widget__width-initial elementor-widget-mobile__width-initial elementor-widget elementor-widget-text-editor\" data-id=\"5356d6f\" data-element_type=\"widget\" data-widget_type=\"text-editor.default\">\n\t\t\t\t<div class=\"elementor-widget-container\">\n\t\t\t\t\t\t\t\t\t<p>Somos fabricantes uruguayos que industrializamos espacios modulables mediante el sistema <strong>Blockhouse<\/strong>, la evoluci\u00f3n moderna y precisa de un m\u00e9todo constructivo ancestral. Utilizamos <strong>tecnolog\u00eda europea<\/strong> de vanguardia para garantizar un producto que no solo cumple, sino que <strong>supera los est\u00e1ndares europeos<\/strong> de durabilidad, aislamiento y bienestar.<\/p><p>Nuestro modelo de fabricaci\u00f3n permite realizar peque\u00f1os y medianos proyectos de forma <strong>r\u00e1pida, accesible y local.<\/strong><\/p>\t\t\t\t\t\t\t\t<\/div>\n\t\t\t\t<\/div>\n\t\t\t\t\t<\/div>\n\t\t<\/div>\n\t\t\t\t\t<\/div>\n\t\t<\/section>\n\t\t\t\t<section class=\"elementor-section elementor-top-section elementor-element elementor-element-b7aff58 elementor-section-boxed elementor-section-height-default elementor-section-height-default\" data-id=\"b7aff58\" data-element_type=\"section\" id=\"faqs\" data-settings=\"{&quot;background_background&quot;:&quot;classic&quot;}\">\n\t\t\t\t\t\t\t<div class=\"elementor-background-overlay\"><\/div>\n\t\t\t\t\t\t\t<div class=\"elementor-container elementor-column-gap-default\">\n\t\t\t\t\t<div class=\"elementor-column elementor-col-100 elementor-top-column elementor-element elementor-element-a6aac82\" data-id=\"a6aac82\" data-element_type=\"column\">\n\t\t\t<div class=\"elementor-widget-wrap elementor-element-populated\">\n\t\t\t\t\t\t<div class=\"elementor-element elementor-element-86bb1bb elementor-widget__width-inherit elementor-widget elementor-widget-heading\" data-id=\"86bb1bb\" data-element_type=\"widget\" data-widget_type=\"heading.default\">\n\t\t\t\t<div class=\"elementor-widget-container\">\n\t\t\t\t\t<p class=\"elementor-heading-title elementor-size-default\">Preguntas frecuentes<\/p>\t\t\t\t<\/div>\n\t\t\t\t<\/div>\n\t\t\t\t<div class=\"elementor-element elementor-element-3773b68 elementor-widget elementor-widget-heading\" data-id=\"3773b68\" data-element_type=\"widget\" data-widget_type=\"heading.default\">\n\t\t\t\t<div class=\"elementor-widget-container\">\n\t\t\t\t\t<p class=\"elementor-heading-title elementor-size-default\">\u00bfQu\u00e9 es BlockHouse?<\/p>\t\t\t\t<\/div>\n\t\t\t\t<\/div>\n\t\t\t\t<div class=\"elementor-element elementor-element-e1df7c0 elementor-widget elementor-widget-text-editor\" data-id=\"e1df7c0\" data-element_type=\"widget\" data-widget_type=\"text-editor.default\">\n\t\t\t\t<div class=\"elementor-widget-container\">\n\t\t\t\t\t\t\t\t\t<p>El <strong>Blockhouse<\/strong> se basa en el encastre de vigas de madera premoldeadas y tratadas, sin necesidad de utilizar maquinaria pesada. Viviendas terminadas en <strong>plazos cortos<\/strong>, con <strong>costos muy competitivos<\/strong> con respecto a la construcci\u00f3n tradicional.<\/p><p>Adem\u00e1s, <strong>adaptamos el dise\u00f1o<\/strong> y funci\u00f3n para aulas, oficinas, paseos comerciales o extensiones modulares a otros sistemas constructivos, siendo <strong>\u00e1giles y flexibles<\/strong> para los requisitos del proyecto.<\/p>\t\t\t\t\t\t\t\t<\/div>\n\t\t\t\t<\/div>\n\t\t\t\t<div class=\"elementor-element elementor-element-8551376 elementor-widget elementor-widget-heading\" data-id=\"8551376\" data-element_type=\"widget\" data-widget_type=\"heading.default\">\n\t\t\t\t<div class=\"elementor-widget-container\">\n\t\t\t\t\t<p class=\"elementor-heading-title elementor-size-default\">\u00bfQu\u00e9 beneficios tienen?<\/p>\t\t\t\t<\/div>\n\t\t\t\t<\/div>\n\t\t\t\t<div class=\"elementor-element elementor-element-66194dd elementor-align-start elementor-icon-list--layout-traditional elementor-list-item-link-full_width elementor-widget elementor-widget-icon-list\" data-id=\"66194dd\" data-element_type=\"widget\" id=\"iconos\" data-widget_type=\"icon-list.default\">\n\t\t\t\t<div class=\"elementor-widget-container\">\n\t\t\t\t\t\t\t<ul class=\"elementor-icon-list-items\">\n\t\t\t\t\t\t\t<li class=\"elementor-icon-list-item\">\n\t\t\t\t\t\t\t\t\t\t\t<span class=\"elementor-icon-list-icon\">\n\t\t\t\t\t\t\t<i aria-hidden=\"true\" class=\"fas fa-clock\"><\/i>\t\t\t\t\t\t<\/span>\n\t\t\t\t\t\t\t\t\t\t<span class=\"elementor-icon-list-text\"><b>Velocidad<\/b> \u2013 Fabricamos en una semana, construimos en dos, siendo incluso m\u00e1s r\u00e1pidos que otros m\u00e9todos alternativos de construcci\u00f3n.<\/span>\n\t\t\t\t\t\t\t\t\t<\/li>\n\t\t\t\t\t\t\t\t<li class=\"elementor-icon-list-item\">\n\t\t\t\t\t\t\t\t\t\t\t<span class=\"elementor-icon-list-icon\">\n\t\t\t\t\t\t\t<i aria-hidden=\"true\" class=\"fas fa-money-bill-wave\"><\/i>\t\t\t\t\t\t<\/span>\n\t\t\t\t\t\t\t\t\t\t<span class=\"elementor-icon-list-text\"> <b>Costos y tiempos conocidos<\/b> \u2013 No hay sorpresas ni en el presupuesto ni en el tiempo que llevar\u00e1 la construcci\u00f3n, dando seguridad y tranquilidad.<\/span>\n\t\t\t\t\t\t\t\t\t<\/li>\n\t\t\t\t\t\t\t\t<li class=\"elementor-icon-list-item\">\n\t\t\t\t\t\t\t\t\t\t\t<span class=\"elementor-icon-list-icon\">\n\t\t\t\t\t\t\t<i aria-hidden=\"true\" class=\"fas fa-warehouse\"><\/i>\t\t\t\t\t\t<\/span>\n\t\t\t\t\t\t\t\t\t\t<span class=\"elementor-icon-list-text\"><b>Producci\u00f3n local <\/b> \u2013 Los materiales y mano de obra son 100% uruguayos, mientras que la tecnolog\u00eda y t\u00e9cnicas son italianas.<\/span>\n\t\t\t\t\t\t\t\t\t<\/li>\n\t\t\t\t\t\t\t\t<li class=\"elementor-icon-list-item\">\n\t\t\t\t\t\t\t\t\t\t\t<span class=\"elementor-icon-list-icon\">\n\t\t\t\t\t\t\t<i aria-hidden=\"true\" class=\"fas fa-check-double\"><\/i>\t\t\t\t\t\t<\/span>\n\t\t\t\t\t\t\t\t\t\t<span class=\"elementor-icon-list-text\"><b>Garant\u00eda y control de calidad<\/b>  - Mejoramos continuamente los est\u00e1ndares de producci\u00f3n y construcci\u00f3n, controlando todas las etapas del proceso.<\/span>\n\t\t\t\t\t\t\t\t\t<\/li>\n\t\t\t\t\t\t\t\t<li class=\"elementor-icon-list-item\">\n\t\t\t\t\t\t\t\t\t\t\t<span class=\"elementor-icon-list-icon\">\n\t\t\t\t\t\t\t<i aria-hidden=\"true\" class=\"fas fa-tree\"><\/i>\t\t\t\t\t\t<\/span>\n\t\t\t\t\t\t\t\t\t\t<span class=\"elementor-icon-list-text\"><b>Neutro en carbono<\/b>  \u2013 Goodhouse absorbe carbono al utilizar madera s\u00f3lida. Aplicamos buenas pr\u00e1cticas ambientales y fomentamos la econom\u00eda circular.<\/span>\n\t\t\t\t\t\t\t\t\t<\/li>\n\t\t\t\t\t\t<\/ul>\n\t\t\t\t\t\t<\/div>\n\t\t\t\t<\/div>\n\t\t\t\t\t<\/div>\n\t\t<\/div>\n\t\t\t\t\t<\/div>\n\t\t<\/section>\n\t\t\t\t<section class=\"elementor-section elementor-top-section elementor-element elementor-element-92ad1f6 elementor-section-boxed elementor-section-height-default elementor-section-height-default\" data-id=\"92ad1f6\" data-element_type=\"section\" id=\"contact\" data-settings=\"{&quot;background_background&quot;:&quot;classic&quot;}\">\n\t\t\t\t\t\t<div class=\"elementor-container elementor-column-gap-default\">\n\t\t\t\t\t<div class=\"elementor-column elementor-col-100 elementor-top-column elementor-element elementor-element-c061207\" data-id=\"c061207\" data-element_type=\"column\" data-settings=\"{&quot;background_background&quot;:&quot;classic&quot;}\">\n\t\t\t<div class=\"elementor-widget-wrap elementor-element-populated\">\n\t\t\t\t\t\t<div class=\"elementor-element elementor-element-6faa54d elementor-widget elementor-widget-heading\" data-id=\"6faa54d\" data-element_type=\"widget\" data-widget_type=\"heading.default\">\n\t\t\t\t<div class=\"elementor-widget-container\">\n\t\t\t\t\t<p class=\"elementor-heading-title elementor-size-default\">Contacto<\/p>\t\t\t\t<\/div>\n\t\t\t\t<\/div>\n\t\t\t\t<div class=\"elementor-element elementor-element-fb70d38 elementor-widget elementor-widget-heading\" data-id=\"fb70d38\" data-element_type=\"widget\" data-widget_type=\"heading.default\">\n\t\t\t\t<div class=\"elementor-widget-container\">\n\t\t\t\t\t<p class=\"elementor-heading-title elementor-size-default\">estamos para asesorarte<\/p>\t\t\t\t<\/div>\n\t\t\t\t<\/div>\n\t\t\t\t<div class=\"elementor-element elementor-element-ea261fd elementor-button-align-center elementor-widget elementor-widget-form\" data-id=\"ea261fd\" data-element_type=\"widget\" data-settings=\"{&quot;step_next_label&quot;:&quot;Next&quot;,&quot;step_previous_label&quot;:&quot;Previous&quot;,&quot;step_type&quot;:&quot;number_text&quot;,&quot;step_icon_shape&quot;:&quot;circle&quot;}\" data-widget_type=\"form.default\">\n\t\t\t\t<div class=\"elementor-widget-container\">\n\t\t\t\t\t\t\t<form class=\"elementor-form\" method=\"post\" name=\"New Form\">\n\t\t\t<input type=\"hidden\" name=\"post_id\" value=\"8\"\/>\n\t\t\t<input type=\"hidden\" name=\"form_id\" value=\"ea261fd\"\/>\n\t\t\t<input type=\"hidden\" name=\"referer_title\" value=\"\" \/>\n\n\t\t\t\n\t\t\t<div class=\"elementor-form-fields-wrapper elementor-labels-above\">\n\t\t\t\t\t\t\t\t<div class=\"elementor-field-type-text elementor-field-group elementor-column elementor-field-group-name elementor-col-50 elementor-field-required\">\n\t\t\t\t\t\t\t\t\t\t\t\t<label for=\"form-field-name\" class=\"elementor-field-label\">\n\t\t\t\t\t\t\t\tNombre\t\t\t\t\t\t\t<\/label>\n\t\t\t\t\t\t\t\t\t\t\t\t\t\t<input size=\"1\" type=\"text\" name=\"form_fields[name]\" id=\"form-field-name\" class=\"elementor-field elementor-size-sm  elementor-field-textual\" placeholder=\"Nombre\" required=\"required\" aria-required=\"true\">\n\t\t\t\t\t\t\t\t\t\t\t<\/div>\n\t\t\t\t\t\t\t\t<div class=\"elementor-field-type-email elementor-field-group elementor-column elementor-field-group-email elementor-col-50 elementor-field-required\">\n\t\t\t\t\t\t\t\t\t\t\t\t<label for=\"form-field-email\" class=\"elementor-field-label\">\n\t\t\t\t\t\t\t\tEmail\t\t\t\t\t\t\t<\/label>\n\t\t\t\t\t\t\t\t\t\t\t\t\t\t<input size=\"1\" type=\"email\" name=\"form_fields[email]\" id=\"form-field-email\" class=\"elementor-field elementor-size-sm  elementor-field-textual\" placeholder=\"Correo Electr\u00f3nico\" required=\"required\" aria-required=\"true\">\n\t\t\t\t\t\t\t\t\t\t\t<\/div>\n\t\t\t\t\t\t\t\t<div class=\"elementor-field-type-tel elementor-field-group elementor-column elementor-field-group-field_1644c04 elementor-col-100 elementor-field-required\">\n\t\t\t\t\t\t\t\t\t\t\t\t<label for=\"form-field-field_1644c04\" class=\"elementor-field-label\">\n\t\t\t\t\t\t\t\ttelefono\t\t\t\t\t\t\t<\/label>\n\t\t\t\t\t\t\t\t<input size=\"1\" type=\"tel\" name=\"form_fields[field_1644c04]\" id=\"form-field-field_1644c04\" class=\"elementor-field elementor-size-sm  elementor-field-textual\" placeholder=\"Tel\u00e9fono\" required=\"required\" aria-required=\"true\" pattern=\"[0-9()#&amp;+*-=.]+\" title=\"Only numbers and phone characters (#, -, *, etc) are accepted.\">\n\n\t\t\t\t\t\t<\/div>\n\t\t\t\t\t\t\t\t<div class=\"elementor-field-type-textarea elementor-field-group elementor-column elementor-field-group-message elementor-col-100\">\n\t\t\t\t\t\t\t\t\t\t\t\t<label for=\"form-field-message\" class=\"elementor-field-label\">\n\t\t\t\t\t\t\t\tMessage\t\t\t\t\t\t\t<\/label>\n\t\t\t\t\t\t<textarea class=\"elementor-field-textual elementor-field  elementor-size-sm\" name=\"form_fields[message]\" id=\"form-field-message\" rows=\"4\" placeholder=\"Mensaje\"><\/textarea>\t\t\t\t<\/div>\n\t\t\t\t\t\t\t\t<div class=\"elementor-field-group elementor-column elementor-field-type-submit elementor-col-100 e-form__buttons\">\n\t\t\t\t\t<button type=\"submit\" class=\"elementor-button elementor-size-xl\">\n\t\t\t\t\t\t<span >\n\t\t\t\t\t\t\t\t\t\t\t\t\t\t\t<span class=\" elementor-button-icon\">\n\t\t\t\t\t\t\t\t\t\t\t\t\t\t\t\t\t\t\t\t\t\t\t\t\t\t<\/span>\n\t\t\t\t\t\t\t\t\t\t\t\t\t\t\t\t\t\t\t\t\t\t<span class=\"elementor-button-text\">Enviar mensaje<\/span>\n\t\t\t\t\t\t\t\t\t\t\t\t\t<\/span>\n\t\t\t\t\t<\/button>\n\t\t\t\t<\/div>\n\t\t\t<\/div>\n\t\t<\/form>\n\t\t\t\t\t\t<\/div>\n\t\t\t\t<\/div>\n\t\t\t\t\t<\/div>\n\t\t<\/div>\n\t\t\t\t\t<\/div>\n\t\t<\/section>\n\t\t\t\t<\/div>\n\t\t","protected":false},"excerpt":{"rendered":"<p>Nosotros Somos fabricantes uruguayos que industrializamos espacios modulables mediante el sistema Blockhouse, la evoluci\u00f3n moderna y precisa de un m\u00e9todo constructivo ancestral. Utilizamos tecnolog\u00eda europea de vanguardia para garantizar un producto que no solo cumple, sino que supera los est\u00e1ndares europeos de durabilidad, aislamiento y bienestar. Nuestro modelo de fabricaci\u00f3n permite realizar peque\u00f1os y medianos [&hellip;]<\/p>\n","protected":false},"author":4,"featured_media":0,"parent":0,"menu_order":0,"comment_status":"closed","ping_status":"closed","template":"elementor_header_footer","meta":{"om_disable_all_campaigns":false,"_monsterinsights_skip_tracking":false,"_monsterinsights_sitenote_active":false,"_monsterinsights_sitenote_note":"","_monsterinsights_sitenote_category":0,"footnotes":""},"class_list":["post-8","page","type-page","status-publish","hentry"],"aioseo_notices":[],"_links":{"self":[{"href":"https:\/\/goodhouse.com.uy\/index.php\/wp-json\/wp\/v2\/pages\/8","targetHints":{"allow":["GET"]}}],"collection":[{"href":"https:\/\/goodhouse.com.uy\/index.php\/wp-json\/wp\/v2\/pages"}],"about":[{"href":"https:\/\/goodhouse.com.uy\/index.php\/wp-json\/wp\/v2\/types\/page"}],"author":[{"embeddable":true,"href":"https:\/\/goodhouse.com.uy\/index.php\/wp-json\/wp\/v2\/users\/4"}],"replies":[{"embeddable":true,"href":"https:\/\/goodhouse.com.uy\/index.php\/wp-json\/wp\/v2\/comments?post=8"}],"version-history":[{"count":270,"href":"https:\/\/goodhouse.com.uy\/index.php\/wp-json\/wp\/v2\/pages\/8\/revisions"}],"predecessor-version":[{"id":518,"href":"https:\/\/goodhouse.com.uy\/index.php\/wp-json\/wp\/v2\/pages\/8\/revisions\/518"}],"wp:attachment":[{"href":"https:\/\/goodhouse.com.uy\/index.php\/wp-json\/wp\/v2\/media?parent=8"}],"curies":[{"name":"wp","href":"https:\/\/api.w.org\/{rel}","templated":true}]}}